{"id":14696,"date":"2024-01-24T07:01:08","date_gmt":"2024-01-24T07:01:08","guid":{"rendered":"https:\/\/sunshinespine.com\/?post_type=product&#038;p=14696"},"modified":"2026-03-22T01:16:31","modified_gmt":"2026-03-22T01:16:31","slug":"botox-upper-back-trap-upper-back-trap-pain-upto-60-units","status":"publish","type":"product","link":"https:\/\/sunshinespine.com\/fr\/produit\/botox-upper-back-trap-upper-back-trap-pain-upto-60-units\/","title":{"rendered":"Barbie Trap Tox<br> Upper Back Trap Pain (Upto 60 Units)"},"content":{"rendered":"<p>May Qualify for Health Insurance coverage or HSA Card use if clinically appropriate. Pls ask Dr. Rehman if you qualify?<\/p>\n<p>Letybo brand Botulinum Toxin 60 units for Upper Back\/ Trapezium Pain\/ Barbie Tox. We bank your unused units so they are never wasted. We also take Health Insurance to Authorize Botox for Pain based on your diagnosis, exam and insurance approval. Please ask at your appointment.<\/p>\n<p>Dr Rehman a d'abord \u00e9t\u00e9 form\u00e9 \u00e0 l'utilisation du Botox depuis 1997, lorsqu'il \u00e9tait en r\u00e9sidence clinique \u00e0 Chicago. La formation initiale portait sur l'utilisation de la toxine botulique pour aider \u00e0 traiter les contractures chez les enfants atteints de paralysie c\u00e9r\u00e9brale, de l\u00e9sions c\u00e9r\u00e9brales et de l\u00e9sions de la moelle \u00e9pini\u00e8re, etc. Il a commenc\u00e9 \u00e0 faire du Botox esth\u00e9tique vers le milieu de 2006\/2007, lorsqu'il poss\u00e9dait le Jon Rick Salon and Day Spa. Par la suite, il s'est diversifi\u00e9 dans le Botox pour les migraines apr\u00e8s son approbation par la FDA.<\/p>\n<p>He is probably the most advanced Botox Injectionist in Jacksonville area. From eyebrow sculpting, nose sculpting, Jaw, Jowls, Neck to Trap Tox, to ED\/Male sexual Enhancement Botox and so much more. See our team and ask Dr. Rehman what he will recommend and where and why. Youll love the results.<\/p>","protected":false},"excerpt":{"rendered":"<p class=\"translation-block\">Botox Haut du Dos Trap\u00e8ze<br> Douleur Haut du Dos Trap\u00e8ze (jusqu'\u00e0 60 unit\u00e9s)<\/p>","protected":false},"featured_media":14697,"template":"","meta":{"site-sidebar-layout":"default","site-content-layout":"","ast-site-content-layout":"default","site-content-style":"default","site-sidebar-style":"default","ast-global-header-display":"","ast-banner-title-visibility":"","ast-main-header-display":"","ast-hfb-above-header-display":"","ast-hfb-below-header-display":"","ast-hfb-mobile-header-display":"","site-post-title":"","ast-breadcrumbs-content":"","ast-featured-img":"","footer-sml-layout":"","ast-disable-related-posts":"","theme-transparent-header-meta":"default","adv-header-id-meta":"","stick-header-meta":"","header-above-stick-meta":"","header-main-stick-meta":"","header-below-stick-meta":"","astra-migrate-meta-layouts":"set","ast-page-background-enabled":"default","ast-page-background-meta":{"desktop":{"background-color":"var(--ast-global-color-4)","background-image":"","background-repeat":"repeat","background-position":"center center","background-size":"auto","background-attachment":"scroll","background-type":"","background-media":"","overlay-type":"","overlay-color":"","overlay-opacity":"","overlay-gradient":""},"tablet":{"background-color":"","background-image":"","background-repeat":"repeat","background-position":"center center","background-size":"auto","background-attachment":"scroll","background-type":"","background-media":"","overlay-type":"","overlay-color":"","overlay-opacity":"","overlay-gradient":""},"mobile":{"background-color":"","background-image":"","background-repeat":"repeat","background-position":"center center","background-size":"auto","background-attachment":"scroll","background-type":"","background-media":"","overlay-type":"","overlay-color":"","overlay-opacity":"","overlay-gradient":""}},"ast-content-background-meta":{"desktop":{"background-color":"var(--ast-global-color-5)","background-image":"","background-repeat":"repeat","background-position":"center center","background-size":"auto","background-attachment":"scroll","background-type":"","background-media":"","overlay-type":"","overlay-color":"","overlay-opacity":"","overlay-gradient":""},"tablet":{"background-color":"var(--ast-global-color-5)","background-image":"","background-repeat":"repeat","background-position":"center center","background-size":"auto","background-attachment":"scroll","background-type":"","background-media":"","overlay-type":"","overlay-color":"","overlay-opacity":"","overlay-gradient":""},"mobile":{"background-color":"var(--ast-global-color-5)","background-image":"","background-repeat":"repeat","background-position":"center center","background-size":"auto","background-attachment":"scroll","background-type":"","background-media":"","overlay-type":"","overlay-color":"","overlay-opacity":"","overlay-gradient":""}}},"product_brand":[],"product_cat":[55],"product_tag":[],"class_list":{"0":"post-14696","1":"product","2":"type-product","3":"status-publish","4":"has-post-thumbnail","6":"product_cat-pain-management","7":"desktop-align-left","8":"tablet-align-left","9":"mobile-align-left","11":"first","12":"instock","13":"virtual","14":"purchasable","15":"product-type-simple"},"_links":{"self":[{"href":"https:\/\/sunshinespine.com\/fr\/wp-json\/wp\/v2\/product\/14696","targetHints":{"allow":["GET"]}}],"collection":[{"href":"https:\/\/sunshinespine.com\/fr\/wp-json\/wp\/v2\/product"}],"about":[{"href":"https:\/\/sunshinespine.com\/fr\/wp-json\/wp\/v2\/types\/product"}],"wp:featuredmedia":[{"embeddable":true,"href":"https:\/\/sunshinespine.com\/fr\/wp-json\/wp\/v2\/media\/14697"}],"wp:attachment":[{"href":"https:\/\/sunshinespine.com\/fr\/wp-json\/wp\/v2\/media?parent=14696"}],"wp:term":[{"taxonomy":"product_brand","embeddable":true,"href":"https:\/\/sunshinespine.com\/fr\/wp-json\/wp\/v2\/product_brand?post=14696"},{"taxonomy":"product_cat","embeddable":true,"href":"https:\/\/sunshinespine.com\/fr\/wp-json\/wp\/v2\/product_cat?post=14696"},{"taxonomy":"product_tag","embeddable":true,"href":"https:\/\/sunshinespine.com\/fr\/wp-json\/wp\/v2\/product_tag?post=14696"}],"curies":[{"name":"wp","href":"https:\/\/api.w.org\/{rel}","templated":true}]}}