{"id":11515,"date":"2024-01-11T15:00:59","date_gmt":"2024-01-11T15:00:59","guid":{"rendered":"https:\/\/sunshinespine.com\/?post_type=product&#038;p=11515"},"modified":"2025-07-02T01:56:37","modified_gmt":"2025-07-02T01:56:37","slug":"neogen-neck-collagen-regeneration-x-2","status":"publish","type":"product","link":"https:\/\/sunshinespine.com\/fr\/produit\/neogen-neck-collagen-regeneration-x-2\/","title":{"rendered":"Neogen Neck Rejuvenation<br>Collagen &#038; Skin Rejuvenation Treatment"},"content":{"rendered":"<p>Neogen Neck-Collagen Rejuvenation, <strong>Minimum semi-Downtime typically less than 2-4 days each time with new Advanced system.<\/strong> 2 Treatments for $1975.<\/p>\n<p>Neogen PSR (Plasma Skin Rejuvenation) is a cutting-edge facial rejuvenation treatment that utilizes plasma energy to revitalize the skin. The procedure involves the use of a device that generates plasma energy, which is then applied to the skin&#8217;s surface in a controlled manner.<\/p>\n<p>Lors du traitement Neogen PSR, l'appareil \u00e9met de l'\u00e9nergie plasma sous forme de petites impulsions. Ces impulsions cr\u00e9ent des zones microthermiques sur la peau, stimulant la r\u00e9ponse naturelle de gu\u00e9rison du corps. En cons\u00e9quence, la production de collag\u00e8ne est augment\u00e9e et le tonus ainsi que la texture globale de la peau sont am\u00e9lior\u00e9s.<\/p>\n<p>Un des principaux avantages du traitement Neogen PSR est sa capacit\u00e9 \u00e0 cibler plusieurs probl\u00e8mes de peau simultan\u00e9ment, y compris les rides, les ridules, les cicatrices d'acn\u00e9 et la pigmentation in\u00e9gale. De plus, comme le traitement est non invasif et ne n\u00e9cessite pas l'utilisation d'aiguilles ni de chirurgie, le temps de r\u00e9cup\u00e9ration et l'inconfort associ\u00e9s au proc\u00e9d\u00e9 sont minimes.<\/p>\n<p>Dans l'ensemble, Neogen PSR est une option tr\u00e8s efficace pour les personnes souhaitant obtenir une peau plus lisse et plus jeune sans subir de chirurgie invasive ni de p\u00e9riodes de r\u00e9cup\u00e9ration prolong\u00e9es. <\/p>\n<p>When combined with RadioFrequency Tightening or other collagen regeneration methodologies such as PDO threads, Botox, Fillers, RF Lipolysis &#038; Tight etc, the results are phenomenal resulting in the neck dramatically de-ageing and rejuvenation with significant fat loss of sub mental fat. Ask our providers if you are candidate for Neogen or a combination treatment.<\/p>","protected":false},"excerpt":{"rendered":"<p>Neogen Neck-Collagen Rejuvenation<\/p>","protected":false},"featured_media":11516,"template":"","meta":{"site-sidebar-layout":"default","site-content-layout":"","ast-site-content-layout":"default","site-content-style":"default","site-sidebar-style":"default","ast-global-header-display":"","ast-banner-title-visibility":"","ast-main-header-display":"","ast-hfb-above-header-display":"","ast-hfb-below-header-display":"","ast-hfb-mobile-header-display":"","site-post-title":"","ast-breadcrumbs-content":"","ast-featured-img":"","footer-sml-layout":"","ast-disable-related-posts":"","theme-transparent-header-meta":"default","adv-header-id-meta":"","stick-header-meta":"","header-above-stick-meta":"","header-main-stick-meta":"","header-below-stick-meta":"","astra-migrate-meta-layouts":"set","ast-page-background-enabled":"default","ast-page-background-meta":{"desktop":{"background-color":"var(--ast-global-color-4)","background-image":"","background-repeat":"repeat","background-position":"center center","background-size":"auto","background-attachment":"scroll","background-type":"","background-media":"","overlay-type":"","overlay-color":"","overlay-opacity":"","overlay-gradient":""},"tablet":{"background-color":"","background-image":"","background-repeat":"repeat","background-position":"center center","background-size":"auto","background-attachment":"scroll","background-type":"","background-media":"","overlay-type":"","overlay-color":"","overlay-opacity":"","overlay-gradient":""},"mobile":{"background-color":"","background-image":"","background-repeat":"repeat","background-position":"center center","background-size":"auto","background-attachment":"scroll","background-type":"","background-media":"","overlay-type":"","overlay-color":"","overlay-opacity":"","overlay-gradient":""}},"ast-content-background-meta":{"desktop":{"background-color":"var(--ast-global-color-5)","background-image":"","background-repeat":"repeat","background-position":"center center","background-size":"auto","background-attachment":"scroll","background-type":"","background-media":"","overlay-type":"","overlay-color":"","overlay-opacity":"","overlay-gradient":""},"tablet":{"background-color":"var(--ast-global-color-5)","background-image":"","background-repeat":"repeat","background-position":"center center","background-size":"auto","background-attachment":"scroll","background-type":"","background-media":"","overlay-type":"","overlay-color":"","overlay-opacity":"","overlay-gradient":""},"mobile":{"background-color":"var(--ast-global-color-5)","background-image":"","background-repeat":"repeat","background-position":"center center","background-size":"auto","background-attachment":"scroll","background-type":"","background-media":"","overlay-type":"","overlay-color":"","overlay-opacity":"","overlay-gradient":""}}},"product_brand":[],"product_cat":[48],"product_tag":[],"class_list":{"0":"post-11515","1":"product","2":"type-product","3":"status-publish","4":"has-post-thumbnail","6":"product_cat-face-lift-neck-tight","7":"desktop-align-left","8":"tablet-align-left","9":"mobile-align-left","11":"first","12":"instock","13":"virtual","14":"purchasable","15":"product-type-simple"},"_links":{"self":[{"href":"https:\/\/sunshinespine.com\/fr\/wp-json\/wp\/v2\/product\/11515","targetHints":{"allow":["GET"]}}],"collection":[{"href":"https:\/\/sunshinespine.com\/fr\/wp-json\/wp\/v2\/product"}],"about":[{"href":"https:\/\/sunshinespine.com\/fr\/wp-json\/wp\/v2\/types\/product"}],"wp:featuredmedia":[{"embeddable":true,"href":"https:\/\/sunshinespine.com\/fr\/wp-json\/wp\/v2\/media\/11516"}],"wp:attachment":[{"href":"https:\/\/sunshinespine.com\/fr\/wp-json\/wp\/v2\/media?parent=11515"}],"wp:term":[{"taxonomy":"product_brand","embeddable":true,"href":"https:\/\/sunshinespine.com\/fr\/wp-json\/wp\/v2\/product_brand?post=11515"},{"taxonomy":"product_cat","embeddable":true,"href":"https:\/\/sunshinespine.com\/fr\/wp-json\/wp\/v2\/product_cat?post=11515"},{"taxonomy":"product_tag","embeddable":true,"href":"https:\/\/sunshinespine.com\/fr\/wp-json\/wp\/v2\/product_tag?post=11515"}],"curies":[{"name":"wp","href":"https:\/\/api.w.org\/{rel}","templated":true}]}}