{"id":11411,"date":"2024-01-10T14:28:09","date_gmt":"2024-01-10T14:28:09","guid":{"rendered":"https:\/\/sunshinespine.com\/?post_type=product&#038;p=11411"},"modified":"2026-02-24T16:05:12","modified_gmt":"2026-02-24T16:05:12","slug":"traptox-barbie-neck-slim-shoulder","status":"publish","type":"product","link":"https:\/\/sunshinespine.com\/fr\/produit\/traptox-barbie-neck-slim-shoulder\/","title":{"rendered":"Traptox pour la base douce du cou ou la douleur<br> Barbie Neck &#038; Slim Shoulder"},"content":{"rendered":"<p>Traptox Barbie Neck &amp; Slim Shoulder. Also can be done for Trapezium Pain and Trigger Points. Dose range from 20- 50 Units Botox\/ Letybo.<\/p>\n<p>Dr Rehman a d'abord \u00e9t\u00e9 form\u00e9 \u00e0 l'utilisation du Botox depuis 1997, lorsqu'il \u00e9tait en r\u00e9sidence clinique \u00e0 Chicago. La formation initiale portait sur l'utilisation de la toxine botulique pour aider \u00e0 traiter les contractures chez les enfants atteints de paralysie c\u00e9r\u00e9brale, de l\u00e9sions c\u00e9r\u00e9brales et de l\u00e9sions de la moelle \u00e9pini\u00e8re, etc. Il a commenc\u00e9 \u00e0 faire du Botox esth\u00e9tique vers le milieu de 2006\/2007, lorsqu'il poss\u00e9dait le Jon Rick Salon and Day Spa. Par la suite, il s'est diversifi\u00e9 dans le Botox pour les migraines apr\u00e8s son approbation par la FDA.<\/p>\n<p>Il est probablement le sp\u00e9cialiste des injections de Botox le plus avanc\u00e9 dans la r\u00e9gion de Jacksonville. De la sculpture des sourcils, la sculpture du nez, aux traitements du m\u00e2choire\/ATM (Articulation Temporo-Mandibulaire \/ Mass\u00e9ter), des bajoues, du cou jusqu'au Trap Tox, en passant par le Botox pour l'am\u00e9lioration sexuelle masculine et bien plus encore. Rencontrez notre \u00e9quipe et demandez \u00e0 Dr Rehman ce qu'il vous recommande, o\u00f9 et pourquoi. Vous adorerez les r\u00e9sultats.<\/p>","protected":false},"excerpt":{"rendered":"<p>Traptox Barbie Neck &amp; Slim Shoulders.<\/p>","protected":false},"featured_media":11412,"template":"","meta":{"site-sidebar-layout":"default","site-content-layout":"","ast-site-content-layout":"default","site-content-style":"default","site-sidebar-style":"default","ast-global-header-display":"","ast-banner-title-visibility":"","ast-main-header-display":"","ast-hfb-above-header-display":"","ast-hfb-below-header-display":"","ast-hfb-mobile-header-display":"","site-post-title":"","ast-breadcrumbs-content":"","ast-featured-img":"","footer-sml-layout":"","ast-disable-related-posts":"","theme-transparent-header-meta":"default","adv-header-id-meta":"","stick-header-meta":"","header-above-stick-meta":"","header-main-stick-meta":"","header-below-stick-meta":"","astra-migrate-meta-layouts":"set","ast-page-background-enabled":"default","ast-page-background-meta":{"desktop":{"background-color":"var(--ast-global-color-4)","background-image":"","background-repeat":"repeat","background-position":"center center","background-size":"auto","background-attachment":"scroll","background-type":"","background-media":"","overlay-type":"","overlay-color":"","overlay-opacity":"","overlay-gradient":""},"tablet":{"background-color":"","background-image":"","background-repeat":"repeat","background-position":"center center","background-size":"auto","background-attachment":"scroll","background-type":"","background-media":"","overlay-type":"","overlay-color":"","overlay-opacity":"","overlay-gradient":""},"mobile":{"background-color":"","background-image":"","background-repeat":"repeat","background-position":"center center","background-size":"auto","background-attachment":"scroll","background-type":"","background-media":"","overlay-type":"","overlay-color":"","overlay-opacity":"","overlay-gradient":""}},"ast-content-background-meta":{"desktop":{"background-color":"var(--ast-global-color-5)","background-image":"","background-repeat":"repeat","background-position":"center center","background-size":"auto","background-attachment":"scroll","background-type":"","background-media":"","overlay-type":"","overlay-color":"","overlay-opacity":"","overlay-gradient":""},"tablet":{"background-color":"var(--ast-global-color-5)","background-image":"","background-repeat":"repeat","background-position":"center center","background-size":"auto","background-attachment":"scroll","background-type":"","background-media":"","overlay-type":"","overlay-color":"","overlay-opacity":"","overlay-gradient":""},"mobile":{"background-color":"var(--ast-global-color-5)","background-image":"","background-repeat":"repeat","background-position":"center center","background-size":"auto","background-attachment":"scroll","background-type":"","background-media":"","overlay-type":"","overlay-color":"","overlay-opacity":"","overlay-gradient":""}}},"product_brand":[],"product_cat":[47],"product_tag":[],"class_list":{"0":"post-11411","1":"product","2":"type-product","3":"status-publish","4":"has-post-thumbnail","6":"product_cat-botox-skin-fillers-enhancers","7":"desktop-align-left","8":"tablet-align-left","9":"mobile-align-left","11":"first","12":"instock","13":"virtual","14":"product-type-simple"},"_links":{"self":[{"href":"https:\/\/sunshinespine.com\/fr\/wp-json\/wp\/v2\/product\/11411","targetHints":{"allow":["GET"]}}],"collection":[{"href":"https:\/\/sunshinespine.com\/fr\/wp-json\/wp\/v2\/product"}],"about":[{"href":"https:\/\/sunshinespine.com\/fr\/wp-json\/wp\/v2\/types\/product"}],"wp:featuredmedia":[{"embeddable":true,"href":"https:\/\/sunshinespine.com\/fr\/wp-json\/wp\/v2\/media\/11412"}],"wp:attachment":[{"href":"https:\/\/sunshinespine.com\/fr\/wp-json\/wp\/v2\/media?parent=11411"}],"wp:term":[{"taxonomy":"product_brand","embeddable":true,"href":"https:\/\/sunshinespine.com\/fr\/wp-json\/wp\/v2\/product_brand?post=11411"},{"taxonomy":"product_cat","embeddable":true,"href":"https:\/\/sunshinespine.com\/fr\/wp-json\/wp\/v2\/product_cat?post=11411"},{"taxonomy":"product_tag","embeddable":true,"href":"https:\/\/sunshinespine.com\/fr\/wp-json\/wp\/v2\/product_tag?post=11411"}],"curies":[{"name":"wp","href":"https:\/\/api.w.org\/{rel}","templated":true}]}}