{"id":11407,"date":"2024-01-10T14:22:17","date_gmt":"2024-01-10T14:22:17","guid":{"rendered":"https:\/\/sunshinespine.com\/?post_type=product&#038;p=11407"},"modified":"2026-03-22T01:43:18","modified_gmt":"2026-03-22T01:43:18","slug":"gummy-smile-x-1-year","status":"publish","type":"product","link":"https:\/\/sunshinespine.com\/fr\/produit\/gummy-smile-x-1-year\/","title":{"rendered":"Sourire gingival<br>Letybo"},"content":{"rendered":"<p>Gummy Smile with 5 units of Letybo<\/p>\n<p>Botulinum toxin works by temporarily relaxing the muscles responsible for elevating the upper lip, thereby reducing the extent to which the gums are visible when smiling. By strategically injecting Botox into specific muscles around the mouth, the upper lip can be lowered slightly, achieving a more balanced and proportionate smile.<\/p>\n<p>Dr Rehman a d'abord \u00e9t\u00e9 form\u00e9 \u00e0 l'utilisation du Botox depuis 1997, lorsqu'il \u00e9tait en r\u00e9sidence clinique \u00e0 Chicago. La formation initiale portait sur l'utilisation de la toxine botulique pour aider \u00e0 traiter les contractures chez les enfants atteints de paralysie c\u00e9r\u00e9brale, de l\u00e9sions c\u00e9r\u00e9brales et de l\u00e9sions de la moelle \u00e9pini\u00e8re, etc. Il a commenc\u00e9 \u00e0 faire du Botox esth\u00e9tique vers le milieu de 2006\/2007, lorsqu'il poss\u00e9dait le Jon Rick Salon and Day Spa. Par la suite, il s'est diversifi\u00e9 dans le Botox pour les migraines apr\u00e8s son approbation par la FDA.<\/p>\n<p>Il est probablement le sp\u00e9cialiste des injections de Botox le plus avanc\u00e9 dans la r\u00e9gion de Jacksonville. De la sculpture des sourcils, la sculpture du nez, aux traitements du m\u00e2choire\/ATM (Articulation Temporo-Mandibulaire \/ Mass\u00e9ter), des bajoues, du cou jusqu'au Trap Tox, en passant par le Botox pour l'am\u00e9lioration sexuelle masculine et bien plus encore. Rencontrez notre \u00e9quipe et demandez \u00e0 Dr Rehman ce qu'il vous recommande, o\u00f9 et pourquoi. Vous adorerez les r\u00e9sultats.<\/p>","protected":false},"excerpt":{"rendered":"<p class=\"translation-block\">Sourire gingival<br> x 1 an<\/p>","protected":false},"featured_media":11408,"template":"","meta":{"site-sidebar-layout":"default","site-content-layout":"","ast-site-content-layout":"default","site-content-style":"default","site-sidebar-style":"default","ast-global-header-display":"","ast-banner-title-visibility":"","ast-main-header-display":"","ast-hfb-above-header-display":"","ast-hfb-below-header-display":"","ast-hfb-mobile-header-display":"","site-post-title":"","ast-breadcrumbs-content":"","ast-featured-img":"","footer-sml-layout":"","ast-disable-related-posts":"","theme-transparent-header-meta":"default","adv-header-id-meta":"","stick-header-meta":"","header-above-stick-meta":"","header-main-stick-meta":"","header-below-stick-meta":"","astra-migrate-meta-layouts":"set","ast-page-background-enabled":"default","ast-page-background-meta":{"desktop":{"background-color":"var(--ast-global-color-4)","background-image":"","background-repeat":"repeat","background-position":"center center","background-size":"auto","background-attachment":"scroll","background-type":"","background-media":"","overlay-type":"","overlay-color":"","overlay-opacity":"","overlay-gradient":""},"tablet":{"background-color":"","background-image":"","background-repeat":"repeat","background-position":"center center","background-size":"auto","background-attachment":"scroll","background-type":"","background-media":"","overlay-type":"","overlay-color":"","overlay-opacity":"","overlay-gradient":""},"mobile":{"background-color":"","background-image":"","background-repeat":"repeat","background-position":"center center","background-size":"auto","background-attachment":"scroll","background-type":"","background-media":"","overlay-type":"","overlay-color":"","overlay-opacity":"","overlay-gradient":""}},"ast-content-background-meta":{"desktop":{"background-color":"var(--ast-global-color-5)","background-image":"","background-repeat":"repeat","background-position":"center center","background-size":"auto","background-attachment":"scroll","background-type":"","background-media":"","overlay-type":"","overlay-color":"","overlay-opacity":"","overlay-gradient":""},"tablet":{"background-color":"var(--ast-global-color-5)","background-image":"","background-repeat":"repeat","background-position":"center center","background-size":"auto","background-attachment":"scroll","background-type":"","background-media":"","overlay-type":"","overlay-color":"","overlay-opacity":"","overlay-gradient":""},"mobile":{"background-color":"var(--ast-global-color-5)","background-image":"","background-repeat":"repeat","background-position":"center center","background-size":"auto","background-attachment":"scroll","background-type":"","background-media":"","overlay-type":"","overlay-color":"","overlay-opacity":"","overlay-gradient":""}}},"product_brand":[],"product_cat":[47],"product_tag":[],"class_list":{"0":"post-11407","1":"product","2":"type-product","3":"status-publish","4":"has-post-thumbnail","6":"product_cat-botox-skin-fillers-enhancers","7":"desktop-align-left","8":"tablet-align-left","9":"mobile-align-left","11":"first","12":"instock","13":"virtual","14":"product-type-simple"},"yoast_head":"<!-- This site is optimized with the Yoast SEO plugin v27.3 - https:\/\/yoast.com\/product\/yoast-seo-wordpress\/ -->\n<title>Gummy SmileLetybo - Sunshine Spine<\/title>\n<meta name=\"robots\" content=\"index, follow, max-snippet:-1, max-image-preview:large, max-video-preview:-1\" \/>\n<link rel=\"canonical\" href=\"https:\/\/sunshinespine.com\/fr\/produit\/gummy-smile-x-1-year\/\" \/>\n<meta property=\"og:locale\" content=\"fr_CA\" \/>\n<meta property=\"og:type\" content=\"article\" \/>\n<meta property=\"og:title\" content=\"Gummy SmileLetybo - Sunshine Spine\" \/>\n<meta property=\"og:description\" content=\"Gummy Smile x 1 year\" \/>\n<meta property=\"og:url\" content=\"https:\/\/sunshinespine.com\/fr\/produit\/gummy-smile-x-1-year\/\" \/>\n<meta property=\"og:site_name\" content=\"Sunshine Spine\" \/>\n<meta property=\"article:publisher\" content=\"https:\/\/www.facebook.com\/people\/Sunshine-Spine-Wellness\/100083838547339\/\" \/>\n<meta property=\"article:modified_time\" content=\"2026-03-22T01:43:18+00:00\" \/>\n<meta property=\"og:image\" content=\"https:\/\/sunshinespine.com\/wp-content\/uploads\/2024\/01\/rectangle-6-jpg.webp\" \/>\n\t<meta property=\"og:image:width\" content=\"461\" \/>\n\t<meta property=\"og:image:height\" content=\"351\" \/>\n\t<meta property=\"og:image:type\" content=\"image\/jpeg\" \/>\n<meta name=\"twitter:card\" content=\"summary_large_image\" \/>\n<meta name=\"twitter:label1\" content=\"Estimation du temps de lecture\" \/>\n\t<meta name=\"twitter:data1\" content=\"2 minutes\" \/>\n<script type=\"application\/ld+json\" class=\"yoast-schema-graph\">{\"@context\":\"https:\\\/\\\/schema.org\",\"@graph\":[{\"@type\":\"WebPage\",\"@id\":\"https:\\\/\\\/sunshinespine.com\\\/product\\\/gummy-smile-x-1-year\\\/\",\"url\":\"https:\\\/\\\/sunshinespine.com\\\/product\\\/gummy-smile-x-1-year\\\/\",\"name\":\"Gummy Smile Letybo - Sunshine Spine\",\"isPartOf\":{\"@id\":\"https:\\\/\\\/sunshinespine.com\\\/es\\\/#website\"},\"primaryImageOfPage\":{\"@id\":\"https:\\\/\\\/sunshinespine.com\\\/product\\\/gummy-smile-x-1-year\\\/#primaryimage\"},\"image\":{\"@id\":\"https:\\\/\\\/sunshinespine.com\\\/product\\\/gummy-smile-x-1-year\\\/#primaryimage\"},\"thumbnailUrl\":\"https:\\\/\\\/sunshinespine.com\\\/wp-content\\\/uploads\\\/2024\\\/01\\\/rectangle-6-jpg.webp\",\"datePublished\":\"2024-01-10T14:22:17+00:00\",\"dateModified\":\"2026-03-22T01:43:18+00:00\",\"breadcrumb\":{\"@id\":\"https:\\\/\\\/sunshinespine.com\\\/product\\\/gummy-smile-x-1-year\\\/#breadcrumb\"},\"inLanguage\":\"fr-CA\",\"potentialAction\":[{\"@type\":\"ReadAction\",\"target\":[\"https:\\\/\\\/sunshinespine.com\\\/product\\\/gummy-smile-x-1-year\\\/\"]}]},{\"@type\":\"ImageObject\",\"inLanguage\":\"fr-CA\",\"@id\":\"https:\\\/\\\/sunshinespine.com\\\/product\\\/gummy-smile-x-1-year\\\/#primaryimage\",\"url\":\"https:\\\/\\\/sunshinespine.com\\\/wp-content\\\/uploads\\\/2024\\\/01\\\/rectangle-6-jpg.webp\",\"contentUrl\":\"https:\\\/\\\/sunshinespine.com\\\/wp-content\\\/uploads\\\/2024\\\/01\\\/rectangle-6-jpg.webp\",\"width\":461,\"height\":351},{\"@type\":\"BreadcrumbList\",\"@id\":\"https:\\\/\\\/sunshinespine.com\\\/product\\\/gummy-smile-x-1-year\\\/#breadcrumb\",\"itemListElement\":[{\"@type\":\"ListItem\",\"position\":1,\"name\":\"Home\",\"item\":\"https:\\\/\\\/sunshinespine.com\\\/\"},{\"@type\":\"ListItem\",\"position\":2,\"name\":\"Shop\",\"item\":\"https:\\\/\\\/sunshinespine.com\\\/fr\\\/shop\\\/\"},{\"@type\":\"ListItem\",\"position\":3,\"name\":\"Gummy SmileLetybo\"}]},{\"@type\":\"WebSite\",\"@id\":\"https:\\\/\\\/sunshinespine.com\\\/es\\\/#website\",\"url\":\"https:\\\/\\\/sunshinespine.com\\\/es\\\/\",\"name\":\"Sunshine Spine\",\"description\":\"\",\"publisher\":{\"@id\":\"https:\\\/\\\/sunshinespine.com\\\/es\\\/#organization\"},\"potentialAction\":[{\"@type\":\"SearchAction\",\"target\":{\"@type\":\"EntryPoint\",\"urlTemplate\":\"https:\\\/\\\/sunshinespine.com\\\/es\\\/?s={search_term_string}\"},\"query-input\":{\"@type\":\"PropertyValueSpecification\",\"valueRequired\":true,\"valueName\":\"search_term_string\"}}],\"inLanguage\":\"fr-CA\"},{\"@type\":\"Organization\",\"@id\":\"https:\\\/\\\/sunshinespine.com\\\/es\\\/#organization\",\"name\":\"Sunshine Spine\",\"url\":\"https:\\\/\\\/sunshinespine.com\\\/es\\\/\",\"logo\":{\"@type\":\"ImageObject\",\"inLanguage\":\"fr-CA\",\"@id\":\"https:\\\/\\\/sunshinespine.com\\\/es\\\/#\\\/schema\\\/logo\\\/image\\\/\",\"url\":\"https:\\\/\\\/sunshinespine.com\\\/wp-content\\\/uploads\\\/2024\\\/01\\\/SunshineBeautymax-header.svg\",\"contentUrl\":\"https:\\\/\\\/sunshinespine.com\\\/wp-content\\\/uploads\\\/2024\\\/01\\\/SunshineBeautymax-header.svg\",\"width\":321,\"height\":41,\"caption\":\"Sunshine Spine\"},\"image\":{\"@id\":\"https:\\\/\\\/sunshinespine.com\\\/es\\\/#\\\/schema\\\/logo\\\/image\\\/\"},\"sameAs\":[\"https:\\\/\\\/www.facebook.com\\\/people\\\/Sunshine-Spine-Wellness\\\/100083838547339\\\/\",\"https:\\\/\\\/www.instagram.com\\\/sunshinespineandwellness\\\/\",\"https:\\\/\\\/www.linkedin.com\\\/in\\\/arkam-rehman-md-a6a445109\\\/\",\"https:\\\/\\\/www.youtube.com\\\/channel\\\/UCMK-mR8QugPOVno09eNRXQw\"]}]}<\/script>\n<!-- \/ Yoast SEO plugin. -->","yoast_head_json":{"title":"Gummy SmileLetybo - Sunshine Spine","robots":{"index":"index","follow":"follow","max-snippet":"max-snippet:-1","max-image-preview":"max-image-preview:large","max-video-preview":"max-video-preview:-1"},"canonical":"https:\/\/sunshinespine.com\/fr\/produit\/gummy-smile-x-1-year\/","og_locale":"fr_CA","og_type":"article","og_title":"Gummy SmileLetybo - Sunshine Spine","og_description":"Gummy Smile x 1 year","og_url":"https:\/\/sunshinespine.com\/fr\/produit\/gummy-smile-x-1-year\/","og_site_name":"Sunshine Spine","article_publisher":"https:\/\/www.facebook.com\/people\/Sunshine-Spine-Wellness\/100083838547339\/","article_modified_time":"2026-03-22T01:43:18+00:00","og_image":[{"width":461,"height":351,"url":"https:\/\/sunshinespine.com\/wp-content\/uploads\/2024\/01\/rectangle-6-jpg.webp","type":"image\/jpeg"}],"twitter_card":"summary_large_image","twitter_misc":{"Estimation du temps de lecture":"2 minutes"},"schema":{"@context":"https:\/\/schema.org","@graph":[{"@type":"WebPage","@id":"https:\/\/sunshinespine.com\/product\/gummy-smile-x-1-year\/","url":"https:\/\/sunshinespine.com\/product\/gummy-smile-x-1-year\/","name":"Gummy Smile Letybo - Sunshine Spine","isPartOf":{"@id":"https:\/\/sunshinespine.com\/es\/#website"},"primaryImageOfPage":{"@id":"https:\/\/sunshinespine.com\/product\/gummy-smile-x-1-year\/#primaryimage"},"image":{"@id":"https:\/\/sunshinespine.com\/product\/gummy-smile-x-1-year\/#primaryimage"},"thumbnailUrl":"https:\/\/sunshinespine.com\/wp-content\/uploads\/2024\/01\/rectangle-6-jpg.webp","datePublished":"2024-01-10T14:22:17+00:00","dateModified":"2026-03-22T01:43:18+00:00","breadcrumb":{"@id":"https:\/\/sunshinespine.com\/product\/gummy-smile-x-1-year\/#breadcrumb"},"inLanguage":"fr-CA","potentialAction":[{"@type":"ReadAction","target":["https:\/\/sunshinespine.com\/product\/gummy-smile-x-1-year\/"]}]},{"@type":"ImageObject","inLanguage":"fr-CA","@id":"https:\/\/sunshinespine.com\/product\/gummy-smile-x-1-year\/#primaryimage","url":"https:\/\/sunshinespine.com\/wp-content\/uploads\/2024\/01\/rectangle-6-jpg.webp","contentUrl":"https:\/\/sunshinespine.com\/wp-content\/uploads\/2024\/01\/rectangle-6-jpg.webp","width":461,"height":351},{"@type":"BreadcrumbList","@id":"https:\/\/sunshinespine.com\/product\/gummy-smile-x-1-year\/#breadcrumb","itemListElement":[{"@type":"ListItem","position":1,"name":"Home","item":"https:\/\/sunshinespine.com\/"},{"@type":"ListItem","position":2,"name":"Shop","item":"https:\/\/sunshinespine.com\/fr\/shop\/"},{"@type":"ListItem","position":3,"name":"Gummy SmileLetybo"}]},{"@type":"WebSite","@id":"https:\/\/sunshinespine.com\/es\/#website","url":"https:\/\/sunshinespine.com\/es\/","name":"Colonne vert\u00e9brale Sunshine","description":"","publisher":{"@id":"https:\/\/sunshinespine.com\/es\/#organization"},"potentialAction":[{"@type":"SearchAction","target":{"@type":"EntryPoint","urlTemplate":"https:\/\/sunshinespine.com\/es\/?s={search_term_string}"},"query-input":{"@type":"PropertyValueSpecification","valueRequired":true,"valueName":"search_term_string"}}],"inLanguage":"fr-CA"},{"@type":"Organization","@id":"https:\/\/sunshinespine.com\/es\/#organization","name":"Colonne vert\u00e9brale Sunshine","url":"https:\/\/sunshinespine.com\/es\/","logo":{"@type":"ImageObject","inLanguage":"fr-CA","@id":"https:\/\/sunshinespine.com\/es\/#\/schema\/logo\/image\/","url":"https:\/\/sunshinespine.com\/wp-content\/uploads\/2024\/01\/SunshineBeautymax-header.svg","contentUrl":"https:\/\/sunshinespine.com\/wp-content\/uploads\/2024\/01\/SunshineBeautymax-header.svg","width":321,"height":41,"caption":"Sunshine Spine"},"image":{"@id":"https:\/\/sunshinespine.com\/es\/#\/schema\/logo\/image\/"},"sameAs":["https:\/\/www.facebook.com\/people\/Sunshine-Spine-Wellness\/100083838547339\/","https:\/\/www.instagram.com\/sunshinespineandwellness\/","https:\/\/www.linkedin.com\/in\/arkam-rehman-md-a6a445109\/","https:\/\/www.youtube.com\/channel\/UCMK-mR8QugPOVno09eNRXQw"]}]}},"_links":{"self":[{"href":"https:\/\/sunshinespine.com\/fr\/wp-json\/wp\/v2\/product\/11407","targetHints":{"allow":["GET"]}}],"collection":[{"href":"https:\/\/sunshinespine.com\/fr\/wp-json\/wp\/v2\/product"}],"about":[{"href":"https:\/\/sunshinespine.com\/fr\/wp-json\/wp\/v2\/types\/product"}],"wp:featuredmedia":[{"embeddable":true,"href":"https:\/\/sunshinespine.com\/fr\/wp-json\/wp\/v2\/media\/11408"}],"wp:attachment":[{"href":"https:\/\/sunshinespine.com\/fr\/wp-json\/wp\/v2\/media?parent=11407"}],"wp:term":[{"taxonomy":"product_brand","embeddable":true,"href":"https:\/\/sunshinespine.com\/fr\/wp-json\/wp\/v2\/product_brand?post=11407"},{"taxonomy":"product_cat","embeddable":true,"href":"https:\/\/sunshinespine.com\/fr\/wp-json\/wp\/v2\/product_cat?post=11407"},{"taxonomy":"product_tag","embeddable":true,"href":"https:\/\/sunshinespine.com\/fr\/wp-json\/wp\/v2\/product_tag?post=11407"}],"curies":[{"name":"wp","href":"https:\/\/api.w.org\/{rel}","templated":true}]}}