{"id":11398,"date":"2024-01-10T14:12:55","date_gmt":"2024-01-10T14:12:55","guid":{"rendered":"https:\/\/sunshinespine.com\/?post_type=product&#038;p=11398"},"modified":"2026-02-25T01:11:38","modified_gmt":"2026-02-25T01:11:38","slug":"jowls","status":"publish","type":"product","link":"https:\/\/sunshinespine.com\/fr\/produit\/jowls\/","title":{"rendered":"Jowl Lift with Letybo"},"content":{"rendered":"<p>Letybo Jowls Lift<\/p>\n<p>Muscle Relaxation: Letybo works by temporarily paralyzing or relaxing the muscles into which it&#8217;s injected. In the case of jowls, injections into specific facial muscles can reduce their activity, preventing them from pulling the skin downwards and contributing to sagging in the jowl area.<\/p>\n<p>Lifting Effect: By relaxing the muscles responsible for pulling the jowls downward, Letybo injections can create a lifting effect in the lower face. This can help to reduce the appearance of sagging and improve overall facial contour.<\/p>\n<p>Definition Enhancement: Letybo injections can also be strategically placed to enhance the definition of the jawline, further contributing to a more sculpted and youthful appearance.<\/p>\n<p>Non-Surgical Approach: Letybo jowl lift offers a non-surgical alternative to more invasive procedures such as a facelift or neck lift. The procedure is typically quick, with minimal discomfort and downtime.<\/p>\n<p>Dr. Rehman was initially trained in doing Botox since 1997 when he was in clinical residency in Chicago. Initial training was for the use of Botulinum Toxin to help with contractures in children with Cerebral Palsy, Brain Injury and Spinal Cord Injury etc. He started doing asethetic Botox probably around mid 2006\/7 timeframe when he had the Jon Rick Salon and Day Spa. After that he expanded into Botox for Migraines as it got approved by the FD<\/p>\n<p>Il est probablement le sp\u00e9cialiste des injections de Botox le plus avanc\u00e9 dans la r\u00e9gion de Jacksonville. De la sculpture des sourcils, la sculpture du nez, aux traitements du m\u00e2choire\/ATM (Articulation Temporo-Mandibulaire \/ Mass\u00e9ter), des bajoues, du cou jusqu'au Trap Tox, en passant par le Botox pour l'am\u00e9lioration sexuelle masculine et bien plus encore. Rencontrez notre \u00e9quipe et demandez \u00e0 Dr Rehman ce qu'il vous recommande, o\u00f9 et pourquoi. Vous adorerez les r\u00e9sultats.<\/p>","protected":false},"excerpt":{"rendered":"<p>Bajoues<\/p>","protected":false},"featured_media":11399,"template":"","meta":{"site-sidebar-layout":"default","site-content-layout":"","ast-site-content-layout":"default","site-content-style":"default","site-sidebar-style":"default","ast-global-header-display":"","ast-banner-title-visibility":"","ast-main-header-display":"","ast-hfb-above-header-display":"","ast-hfb-below-header-display":"","ast-hfb-mobile-header-display":"","site-post-title":"","ast-breadcrumbs-content":"","ast-featured-img":"","footer-sml-layout":"","ast-disable-related-posts":"","theme-transparent-header-meta":"default","adv-header-id-meta":"","stick-header-meta":"","header-above-stick-meta":"","header-main-stick-meta":"","header-below-stick-meta":"","astra-migrate-meta-layouts":"set","ast-page-background-enabled":"default","ast-page-background-meta":{"desktop":{"background-color":"var(--ast-global-color-4)","background-image":"","background-repeat":"repeat","background-position":"center center","background-size":"auto","background-attachment":"scroll","background-type":"","background-media":"","overlay-type":"","overlay-color":"","overlay-opacity":"","overlay-gradient":""},"tablet":{"background-color":"","background-image":"","background-repeat":"repeat","background-position":"center center","background-size":"auto","background-attachment":"scroll","background-type":"","background-media":"","overlay-type":"","overlay-color":"","overlay-opacity":"","overlay-gradient":""},"mobile":{"background-color":"","background-image":"","background-repeat":"repeat","background-position":"center center","background-size":"auto","background-attachment":"scroll","background-type":"","background-media":"","overlay-type":"","overlay-color":"","overlay-opacity":"","overlay-gradient":""}},"ast-content-background-meta":{"desktop":{"background-color":"var(--ast-global-color-5)","background-image":"","background-repeat":"repeat","background-position":"center center","background-size":"auto","background-attachment":"scroll","background-type":"","background-media":"","overlay-type":"","overlay-color":"","overlay-opacity":"","overlay-gradient":""},"tablet":{"background-color":"var(--ast-global-color-5)","background-image":"","background-repeat":"repeat","background-position":"center center","background-size":"auto","background-attachment":"scroll","background-type":"","background-media":"","overlay-type":"","overlay-color":"","overlay-opacity":"","overlay-gradient":""},"mobile":{"background-color":"var(--ast-global-color-5)","background-image":"","background-repeat":"repeat","background-position":"center center","background-size":"auto","background-attachment":"scroll","background-type":"","background-media":"","overlay-type":"","overlay-color":"","overlay-opacity":"","overlay-gradient":""}}},"product_brand":[],"product_cat":[47],"product_tag":[],"class_list":{"0":"post-11398","1":"product","2":"type-product","3":"status-publish","4":"has-post-thumbnail","6":"product_cat-botox-skin-fillers-enhancers","7":"desktop-align-left","8":"tablet-align-left","9":"mobile-align-left","11":"first","12":"instock","13":"virtual","14":"purchasable","15":"product-type-simple"},"_links":{"self":[{"href":"https:\/\/sunshinespine.com\/fr\/wp-json\/wp\/v2\/product\/11398","targetHints":{"allow":["GET"]}}],"collection":[{"href":"https:\/\/sunshinespine.com\/fr\/wp-json\/wp\/v2\/product"}],"about":[{"href":"https:\/\/sunshinespine.com\/fr\/wp-json\/wp\/v2\/types\/product"}],"wp:featuredmedia":[{"embeddable":true,"href":"https:\/\/sunshinespine.com\/fr\/wp-json\/wp\/v2\/media\/11399"}],"wp:attachment":[{"href":"https:\/\/sunshinespine.com\/fr\/wp-json\/wp\/v2\/media?parent=11398"}],"wp:term":[{"taxonomy":"product_brand","embeddable":true,"href":"https:\/\/sunshinespine.com\/fr\/wp-json\/wp\/v2\/product_brand?post=11398"},{"taxonomy":"product_cat","embeddable":true,"href":"https:\/\/sunshinespine.com\/fr\/wp-json\/wp\/v2\/product_cat?post=11398"},{"taxonomy":"product_tag","embeddable":true,"href":"https:\/\/sunshinespine.com\/fr\/wp-json\/wp\/v2\/product_tag?post=11398"}],"curies":[{"name":"wp","href":"https:\/\/api.w.org\/{rel}","templated":true}]}}