{"id":6790,"date":"2023-11-05T15:03:07","date_gmt":"2023-11-05T15:03:07","guid":{"rendered":"https:\/\/sunshinespine.com\/?post_type=product&#038;p=6790"},"modified":"2025-07-02T01:52:15","modified_gmt":"2025-07-02T01:52:15","slug":"full-face-one-treatment","status":"publish","type":"product","link":"https:\/\/sunshinespine.com\/es\/producto\/full-face-one-treatment\/","title":{"rendered":"NEOGEN FULL FACE<br> Un tratamiento"},"content":{"rendered":"<p>NEOGEN FULL FACE One Treatment with Rejuvenative Exosomes application. Minimum downtime with newer techniques and restorative serum application<\/p>\n<p>Enter a realm of unparalleled skincare innovation with Neogen PSR Plasma Face Rejuvenation, a revolutionary treatment that harnesses the cutting-edge Plasma Energy technology winning Aesthetic Awards for its excellence in 2022 and 2023. This advanced approach offers a comprehensive solution for skin tightening, resurfacing, and addressing a range of concerns including melasma, rosacea, and general skin rejuvenation.<\/p>\n<p>Neogen PSR Plasma Face Rejuvenation utilizes state-of-the-art plasma energy to stimulate collagen production, resulting in firmer, more youthful skin. With its precision targeting, it effectively tightens and lifts the face and neck, reducing the appearance of fine lines, wrinkles, and sagging.<\/p>\n<p>Adem\u00e1s, este tratamiento innovador aborda problemas espec\u00edficos de la piel como el melasma y la ros\u00e1cea al promover la renovaci\u00f3n celular y el resurfacing de la piel, conduciendo a un tono y textura m\u00e1s uniforme.<\/p>\n<p>Experience the transformative power of Neogen PSR Plasma Face Rejuvenation as it revitalizes your complexion, restoring radiance and confidence. Embrace the future of skincare with Neogen and unveil a luminous, rejuvenated appearance that reflects your inner beauty.<\/p>","protected":false},"excerpt":{"rendered":"<p class=\"translation-block\">NEOGEN CARA COMPLETA<br> Un Tratamiento<\/p>","protected":false},"featured_media":6803,"template":"","meta":{"site-sidebar-layout":"default","site-content-layout":"","ast-site-content-layout":"default","site-content-style":"default","site-sidebar-style":"default","ast-global-header-display":"","ast-banner-title-visibility":"","ast-main-header-display":"","ast-hfb-above-header-display":"","ast-hfb-below-header-display":"","ast-hfb-mobile-header-display":"","site-post-title":"","ast-breadcrumbs-content":"","ast-featured-img":"","footer-sml-layout":"","ast-disable-related-posts":"","theme-transparent-header-meta":"default","adv-header-id-meta":"","stick-header-meta":"","header-above-stick-meta":"","header-main-stick-meta":"","header-below-stick-meta":"","astra-migrate-meta-layouts":"set","ast-page-background-enabled":"default","ast-page-background-meta":{"desktop":{"background-color":"var(--ast-global-color-4)","background-image":"","background-repeat":"repeat","background-position":"center center","background-size":"auto","background-attachment":"scroll","background-type":"","background-media":"","overlay-type":"","overlay-color":"","overlay-opacity":"","overlay-gradient":""},"tablet":{"background-color":"","background-image":"","background-repeat":"repeat","background-position":"center center","background-size":"auto","background-attachment":"scroll","background-type":"","background-media":"","overlay-type":"","overlay-color":"","overlay-opacity":"","overlay-gradient":""},"mobile":{"background-color":"","background-image":"","background-repeat":"repeat","background-position":"center center","background-size":"auto","background-attachment":"scroll","background-type":"","background-media":"","overlay-type":"","overlay-color":"","overlay-opacity":"","overlay-gradient":""}},"ast-content-background-meta":{"desktop":{"background-color":"var(--ast-global-color-5)","background-image":"","background-repeat":"repeat","background-position":"center center","background-size":"auto","background-attachment":"scroll","background-type":"","background-media":"","overlay-type":"","overlay-color":"","overlay-opacity":"","overlay-gradient":""},"tablet":{"background-color":"var(--ast-global-color-5)","background-image":"","background-repeat":"repeat","background-position":"center center","background-size":"auto","background-attachment":"scroll","background-type":"","background-media":"","overlay-type":"","overlay-color":"","overlay-opacity":"","overlay-gradient":""},"mobile":{"background-color":"var(--ast-global-color-5)","background-image":"","background-repeat":"repeat","background-position":"center center","background-size":"auto","background-attachment":"scroll","background-type":"","background-media":"","overlay-type":"","overlay-color":"","overlay-opacity":"","overlay-gradient":""}}},"product_brand":[],"product_cat":[28],"product_tag":[],"class_list":{"0":"post-6790","1":"product","2":"type-product","3":"status-publish","4":"has-post-thumbnail","6":"product_cat-neogen-plasma-skin","7":"desktop-align-left","8":"tablet-align-left","9":"mobile-align-left","11":"first","12":"instock","13":"virtual","14":"product-type-simple"},"_links":{"self":[{"href":"https:\/\/sunshinespine.com\/es\/wp-json\/wp\/v2\/product\/6790","targetHints":{"allow":["GET"]}}],"collection":[{"href":"https:\/\/sunshinespine.com\/es\/wp-json\/wp\/v2\/product"}],"about":[{"href":"https:\/\/sunshinespine.com\/es\/wp-json\/wp\/v2\/types\/product"}],"wp:featuredmedia":[{"embeddable":true,"href":"https:\/\/sunshinespine.com\/es\/wp-json\/wp\/v2\/media\/6803"}],"wp:attachment":[{"href":"https:\/\/sunshinespine.com\/es\/wp-json\/wp\/v2\/media?parent=6790"}],"wp:term":[{"taxonomy":"product_brand","embeddable":true,"href":"https:\/\/sunshinespine.com\/es\/wp-json\/wp\/v2\/product_brand?post=6790"},{"taxonomy":"product_cat","embeddable":true,"href":"https:\/\/sunshinespine.com\/es\/wp-json\/wp\/v2\/product_cat?post=6790"},{"taxonomy":"product_tag","embeddable":true,"href":"https:\/\/sunshinespine.com\/es\/wp-json\/wp\/v2\/product_tag?post=6790"}],"curies":[{"name":"wp","href":"https:\/\/api.w.org\/{rel}","templated":true}]}}