{"id":11515,"date":"2024-01-11T15:00:59","date_gmt":"2024-01-11T15:00:59","guid":{"rendered":"https:\/\/sunshinespine.com\/?post_type=product&#038;p=11515"},"modified":"2025-07-02T01:56:37","modified_gmt":"2025-07-02T01:56:37","slug":"neogen-neck-collagen-regeneration-x-2","status":"publish","type":"product","link":"https:\/\/sunshinespine.com\/es\/producto\/neogen-neck-collagen-regeneration-x-2\/","title":{"rendered":"Neogen Neck Rejuvenation<br>Collagen &#038; Skin Rejuvenation Treatment"},"content":{"rendered":"<p>Neogen Neck-Collagen Rejuvenation, <strong>Minimum semi-Downtime typically less than 2-4 days each time with new Advanced system.<\/strong> 2 Treatments for $1975.<\/p>\n<p>Neogen PSR (Plasma Skin Rejuvenation) is a cutting-edge facial rejuvenation treatment that utilizes plasma energy to revitalize the skin. The procedure involves the use of a device that generates plasma energy, which is then applied to the skin&#8217;s surface in a controlled manner.<\/p>\n<p>Durante el tratamiento de Neogen PSR, el dispositivo emite energ\u00eda de plasma en forma de peque\u00f1os pulsos. Estos pulsos crean zonas microt\u00e9rmicas en la piel, estimulando la respuesta de curaci\u00f3n natural del cuerpo. Como resultado, se aumenta la producci\u00f3n de col\u00e1geno y se mejora el tono y la textura general de la piel.<\/p>\n<p>Uno de los principales beneficios de Neogen PSR es su capacidad para abordar m\u00faltiples preocupaciones de la piel simult\u00e1neamente, incluyendo arrugas, l\u00edneas finas, cicatrices de acn\u00e9 y pigmentaci\u00f3n desigual. Adem\u00e1s, debido a que el tratamiento es no invasivo y no requiere el uso de agujas o cirug\u00eda, hay un m\u00ednimo tiempo de inactividad y malestar asociado con el procedimiento.<\/p>\n<p>En general, Neogen PSR es una opci\u00f3n altamente efectiva para personas que buscan lograr una piel m\u00e1s suave y con aspecto m\u00e1s joven sin someterse a cirug\u00eda invasiva o largos per\u00edodos de recuperaci\u00f3n. <\/p>\n<p>When combined with RadioFrequency Tightening or other collagen regeneration methodologies such as PDO threads, Botox, Fillers, RF Lipolysis &#038; Tight etc, the results are phenomenal resulting in the neck dramatically de-ageing and rejuvenation with significant fat loss of sub mental fat. Ask our providers if you are candidate for Neogen or a combination treatment.<\/p>","protected":false},"excerpt":{"rendered":"<p>Neogen Neck-Collagen Rejuvenation<\/p>","protected":false},"featured_media":11516,"template":"","meta":{"site-sidebar-layout":"default","site-content-layout":"","ast-site-content-layout":"default","site-content-style":"default","site-sidebar-style":"default","ast-global-header-display":"","ast-banner-title-visibility":"","ast-main-header-display":"","ast-hfb-above-header-display":"","ast-hfb-below-header-display":"","ast-hfb-mobile-header-display":"","site-post-title":"","ast-breadcrumbs-content":"","ast-featured-img":"","footer-sml-layout":"","ast-disable-related-posts":"","theme-transparent-header-meta":"default","adv-header-id-meta":"","stick-header-meta":"","header-above-stick-meta":"","header-main-stick-meta":"","header-below-stick-meta":"","astra-migrate-meta-layouts":"set","ast-page-background-enabled":"default","ast-page-background-meta":{"desktop":{"background-color":"var(--ast-global-color-4)","background-image":"","background-repeat":"repeat","background-position":"center center","background-size":"auto","background-attachment":"scroll","background-type":"","background-media":"","overlay-type":"","overlay-color":"","overlay-opacity":"","overlay-gradient":""},"tablet":{"background-color":"","background-image":"","background-repeat":"repeat","background-position":"center center","background-size":"auto","background-attachment":"scroll","background-type":"","background-media":"","overlay-type":"","overlay-color":"","overlay-opacity":"","overlay-gradient":""},"mobile":{"background-color":"","background-image":"","background-repeat":"repeat","background-position":"center center","background-size":"auto","background-attachment":"scroll","background-type":"","background-media":"","overlay-type":"","overlay-color":"","overlay-opacity":"","overlay-gradient":""}},"ast-content-background-meta":{"desktop":{"background-color":"var(--ast-global-color-5)","background-image":"","background-repeat":"repeat","background-position":"center center","background-size":"auto","background-attachment":"scroll","background-type":"","background-media":"","overlay-type":"","overlay-color":"","overlay-opacity":"","overlay-gradient":""},"tablet":{"background-color":"var(--ast-global-color-5)","background-image":"","background-repeat":"repeat","background-position":"center center","background-size":"auto","background-attachment":"scroll","background-type":"","background-media":"","overlay-type":"","overlay-color":"","overlay-opacity":"","overlay-gradient":""},"mobile":{"background-color":"var(--ast-global-color-5)","background-image":"","background-repeat":"repeat","background-position":"center center","background-size":"auto","background-attachment":"scroll","background-type":"","background-media":"","overlay-type":"","overlay-color":"","overlay-opacity":"","overlay-gradient":""}}},"product_brand":[],"product_cat":[48],"product_tag":[],"class_list":{"0":"post-11515","1":"product","2":"type-product","3":"status-publish","4":"has-post-thumbnail","6":"product_cat-face-lift-neck-tight","7":"desktop-align-left","8":"tablet-align-left","9":"mobile-align-left","11":"first","12":"instock","13":"virtual","14":"purchasable","15":"product-type-simple"},"_links":{"self":[{"href":"https:\/\/sunshinespine.com\/es\/wp-json\/wp\/v2\/product\/11515","targetHints":{"allow":["GET"]}}],"collection":[{"href":"https:\/\/sunshinespine.com\/es\/wp-json\/wp\/v2\/product"}],"about":[{"href":"https:\/\/sunshinespine.com\/es\/wp-json\/wp\/v2\/types\/product"}],"wp:featuredmedia":[{"embeddable":true,"href":"https:\/\/sunshinespine.com\/es\/wp-json\/wp\/v2\/media\/11516"}],"wp:attachment":[{"href":"https:\/\/sunshinespine.com\/es\/wp-json\/wp\/v2\/media?parent=11515"}],"wp:term":[{"taxonomy":"product_brand","embeddable":true,"href":"https:\/\/sunshinespine.com\/es\/wp-json\/wp\/v2\/product_brand?post=11515"},{"taxonomy":"product_cat","embeddable":true,"href":"https:\/\/sunshinespine.com\/es\/wp-json\/wp\/v2\/product_cat?post=11515"},{"taxonomy":"product_tag","embeddable":true,"href":"https:\/\/sunshinespine.com\/es\/wp-json\/wp\/v2\/product_tag?post=11515"}],"curies":[{"name":"wp","href":"https:\/\/api.w.org\/{rel}","templated":true}]}}